{"id":568,"date":"2024-02-29T00:40:40","date_gmt":"2024-02-29T06:40:40","guid":{"rendered":"https:\/\/oliviafoundation.mx\/cookie-privacy-policy\/"},"modified":"2024-04-26T16:27:54","modified_gmt":"2024-04-26T22:27:54","slug":"cookie-privacy-policy","status":"publish","type":"page","link":"https:\/\/oliviafoundation.mx\/es\/cookie-privacy-policy\/","title":{"rendered":"Pol\u00edtica de privacidad de cookies"},"content":{"rendered":"\t\t<div data-elementor-type=\"wp-page\" data-elementor-id=\"568\" class=\"elementor elementor-568 elementor-418\" data-elementor-post-type=\"page\">\n\t\t\t\t<div class=\"elementor-element elementor-element-4b29c4bb e-con-full e-flex e-con e-parent\" data-id=\"4b29c4bb\" data-element_type=\"container\" data-settings=\"{&quot;background_background&quot;:&quot;classic&quot;}\">\n\t\t\t\t<div class=\"elementor-element elementor-element-2789256a elementor-widget elementor-widget-text-editor\" data-id=\"2789256a\" data-element_type=\"widget\" data-widget_type=\"text-editor.default\">\n\t\t\t\t<div class=\"elementor-widget-container\">\n\t\t\t\t\t\t\t\t\t<p>se compromete a proteger tu privacidad en Internet. \u00bfQu\u00e9 informaci\u00f3n recogemos? Recogemos informaci\u00f3n sobre ti cuando visitas nuestro sitio. Al enviar o registrarte en nuestro sitio, es posible que se te pida que introduzcas tu: nombre o direcci\u00f3n de correo electr\u00f3nico. Sin embargo, puedes visitar nuestro sitio de forma an\u00f3nima. \u00bfPara qu\u00e9 utilizamos tus datos? Toda la informaci\u00f3n que recopilamos de ti puede utilizarse de una de las siguientes maneras: Para mejorar nuestro sitio web Para mejorar el servicio al cliente \u00bfC\u00f3mo protegemos tu informaci\u00f3n? Ponemos en pr\u00e1ctica diversas medidas de seguridad para mantener la seguridad de tu informaci\u00f3n personal cuando realizas un pedido o introduces, env\u00edas o accedes a tu informaci\u00f3n personal. Cookies Las cookies son peque\u00f1os archivos que un sitio o su proveedor de servicios transfiere al disco duro de tu ordenador a trav\u00e9s de tu navegador web (si lo permites) y que permiten a los sistemas de los sitios o proveedores de servicios reconocer tu navegador y capturar y recordar cierta informaci\u00f3n Utilizamos cookies para comprender y guardar tus preferencias para futuras visitas. S\u00f3lo pol\u00edtica de privacidad en l\u00ednea Esta pol\u00edtica de privacidad en l\u00ednea s\u00f3lo se aplica a la informaci\u00f3n recogida a trav\u00e9s de nuestro sitio web y no a la informaci\u00f3n recogida fuera de l\u00ednea. Cambios en nuestra pol\u00edtica de privacidad Si decidimos cambiar nuestra pol\u00edtica de privacidad, publicaremos dichos cambios en esta p\u00e1gina. Si tienes alguna pregunta o sugerencia sobre nuestra Declaraci\u00f3n de Pol\u00edtica de Privacidad, ponte en contacto con nosotros y te responderemos muy pronto.<\/p>\n<h3>INFORMACI\u00d3N DE CONTACTO<\/h3>\n<p>Direcci\u00f3n postal:  <br>Tel\u00e9fono:  <\/p>\n<p>, ,  <\/p>\n<p>Correo electr\u00f3nico de contacto: .<\/p>\n<div> <a target=\"_blank\" rel=\"noopener\"> Encu\u00e9ntranos en Facebook<\/a> <a target=\"_blank\" rel=\"noopener\"> Con\u00e9ctanos en Google Plus<\/a> <a target=\"_blank\" rel=\"noopener\"> Con\u00e9ctanos en LinkedIn<\/a> <a target=\"_blank\" rel=\"noopener\"> S\u00edguenos en Twitter<\/a><\/div>\n\t\t\t\t\t\t\t\t<\/div>\n\t\t\t\t<\/div>\n\t\t\t\t<\/div>\n\t\t\t\t<\/div>\n\t\t","protected":false},"excerpt":{"rendered":"<p>se compromete a proteger tu privacidad en Internet. \u00bfQu\u00e9 informaci\u00f3n recogemos? Recogemos informaci\u00f3n sobre ti cuando visitas nuestro sitio. Al enviar o registrarte en nuestro sitio, es posible que se te pida que introduzcas tu: nombre o direcci\u00f3n de correo electr\u00f3nico. Sin embargo, puedes visitar nuestro sitio de forma an\u00f3nima. \u00bfPara qu\u00e9 utilizamos tus datos? [&hellip;]<\/p>\n","protected":false},"author":1,"featured_media":0,"parent":0,"menu_order":0,"comment_status":"closed","ping_status":"closed","template":"","meta":{"_acf_changed":false,"inline_featured_image":false,"footnotes":""},"class_list":["post-568","page","type-page","status-publish","hentry"],"acf":[],"_links":{"self":[{"href":"https:\/\/oliviafoundation.mx\/es\/wp-json\/wp\/v2\/pages\/568","targetHints":{"allow":["GET"]}}],"collection":[{"href":"https:\/\/oliviafoundation.mx\/es\/wp-json\/wp\/v2\/pages"}],"about":[{"href":"https:\/\/oliviafoundation.mx\/es\/wp-json\/wp\/v2\/types\/page"}],"author":[{"embeddable":true,"href":"https:\/\/oliviafoundation.mx\/es\/wp-json\/wp\/v2\/users\/1"}],"replies":[{"embeddable":true,"href":"https:\/\/oliviafoundation.mx\/es\/wp-json\/wp\/v2\/comments?post=568"}],"version-history":[{"count":4,"href":"https:\/\/oliviafoundation.mx\/es\/wp-json\/wp\/v2\/pages\/568\/revisions"}],"predecessor-version":[{"id":664,"href":"https:\/\/oliviafoundation.mx\/es\/wp-json\/wp\/v2\/pages\/568\/revisions\/664"}],"wp:attachment":[{"href":"https:\/\/oliviafoundation.mx\/es\/wp-json\/wp\/v2\/media?parent=568"}],"curies":[{"name":"wp","href":"https:\/\/api.w.org\/{rel}","templated":true}]}}